{"id":1779,"date":"2023-11-24T15:34:07","date_gmt":"2023-11-24T14:34:07","guid":{"rendered":"https:\/\/ziemiaswietawycieczki.com.pl\/?page_id=1779"},"modified":"2023-11-24T15:34:07","modified_gmt":"2023-11-24T14:34:07","slug":"polityka-cookies","status":"publish","type":"page","link":"https:\/\/ziemiaswietawycieczki.com.pl\/?page_id=1779","title":{"rendered":"POLITYKA COOKIES"},"content":{"rendered":"\n<p>Poni\u017csza Polityka Cookies okre\u015bla zasady zapisywania i uzyskiwania dost\u0119pu do danych na Urz\u0105dzeniach U\u017cytkownik\u00f3w korzystaj\u0105cych z Serwisu do cel\u00f3w \u015bwiadczenia us\u0142ug drog\u0105 elektroniczn\u0105 przez Administratora Serwisu.<\/p>\n\n\n\n<p>\u00a7 1 DEFINICJE<\/p>\n\n\n\n<ul class=\"wp-block-list\">\n<li>Serwis\u00a0&#8211; serwis internetowy dzia\u0142aj\u0105cy pod adresem\u00a0ziemiaswietawycieczki.com.pl<\/li>\n\n\n\n<li><strong>Serwis zewn\u0119trzny<\/strong>&nbsp;&#8211; serwis internetowe partner\u00f3w, us\u0142ugodawc\u00f3w lub us\u0142ugobiorc\u00f3w Administratora<\/li>\n\n\n\n<li><strong>Administrator<\/strong>&nbsp;&#8211; firma&nbsp;Seweryn Osowski Elpol, prowadz\u0105ca dzia\u0142alno\u015b\u0107 pod adresem:&nbsp;34-120 Andrych\u00f3w, Krakowska 146 a\/28, o nadanym numerze identyfikacji podatkowej (NIP):&nbsp;5512479161, o nadanym numerze REGON:&nbsp;361015364, \u015bwiadcz\u0105ca us\u0142ugi drog\u0105 elektroniczn\u0105 za po\u015brednictwem Serwisu oraz przechowuj\u0105ca i uzyskuj\u0105ca dost\u0119p do informacji w urz\u0105dzeniach U\u017cytkownika<\/li>\n\n\n\n<li><strong>U\u017cytkownik<\/strong>\u00a0&#8211; osoba fizyczna, dla kt\u00f3rej Administrator \u015bwiadczy us\u0142ugi drog\u0105 elektroniczna za po\u015brednictwem Serwisu.<\/li>\n\n\n\n<li><strong>Urz\u0105dzenie<\/strong>&nbsp;&#8211; elektroniczne urz\u0105dzenie wraz z oprogramowaniem, za po\u015brednictwem, kt\u00f3rego U\u017cytkownik uzyskuje dost\u0119p do Serwisu<\/li>\n\n\n\n<li><strong>Cookies (ciasteczka)<\/strong>&nbsp;&#8211; dane tekstowe gromadzone w formie plik\u00f3w zamieszczanych na Urz\u0105dzeniu U\u017cytkownika<\/li>\n<\/ul>\n\n\n\n<p>\u00a7 2 RODZAJE COOKIES<\/p>\n\n\n\n<ul class=\"wp-block-list\">\n<li><strong>Cookies wewn\u0119trzne<\/strong>&nbsp;&#8211; pliki zamieszczane i odczytywane z Urz\u0105dzenia U\u017cytkownika przes system teleinformatyczny Serwisu<\/li>\n\n\n\n<li><strong>Cookies zewn\u0119trzne<\/strong>&nbsp;&#8211; pliki zamieszczane i odczytywane z Urz\u0105dzenia U\u017cytkownika przez systemy teleinformatyczne Serwis\u00f3w zewn\u0119trznych<\/li>\n\n\n\n<li><strong>Cookies sesyjne<\/strong>&nbsp;&#8211; pliki zamieszczane i odczytywane z Urz\u0105dzenia U\u017cytkownika przez Serwis&nbsp;lub Serwisy zewn\u0119trzne&nbsp;podczas jednej sesji danego Urz\u0105dzenia. Po zako\u0144czeniu sesji pliki s\u0105 usuwane z Urz\u0105dzenia U\u017cytkownika.<\/li>\n\n\n\n<li><strong>Cookies trwa\u0142e<\/strong>&nbsp;&#8211; pliki zamieszczane i odczytywane z Urz\u0105dzenia U\u017cytkownika przez Serwis&nbsp;lub Serwisy zewn\u0119trzne&nbsp;do momentu ich r\u0119cznego usuni\u0119cia. Pliki nie s\u0105 usuwane automatycznie po zako\u0144czeniu sesji Urz\u0105dzenia chyba \u017ce konfiguracja Urz\u0105dzenia U\u017cytkownika jest ustawiona na tryb usuwanie plik\u00f3w Cookie po zako\u0144czeniu sesji Urz\u0105dzenia.<\/li>\n<\/ul>\n\n\n\n<p>\u00a7 3 BEZPIECZE\u0143STWO<\/p>\n\n\n\n<ul class=\"wp-block-list\">\n<li><strong>Mechanizmy sk\u0142adowania i odczytu<\/strong>&nbsp;&#8211; Mechanizmy sk\u0142adowania i odczytu Cookies nie pozwalaj\u0105 na pobierania jakichkolwiek danych osobowych ani \u017cadnych informacji poufnych z Urz\u0105dzenia U\u017cytkownika. Przeniesienie na Urz\u0105dzenie U\u017cytkownika wirus\u00f3w, koni troja\u0144skich oraz innych robak\u00f3w jest praktynie niemo\u017cliwe.<\/li>\n\n\n\n<li><strong>Cookie wewn\u0119trzne<\/strong>&nbsp;&#8211; zastosowane przez Administratora Cookie wewn\u0119trzne s\u0105 bezpieczne dla Urz\u0105dze\u0144 U\u017cytkownik\u00f3w<\/li>\n\n\n\n<li><strong>Cookie zewn\u0119trzne<\/strong>&nbsp;&#8211; za bezpiecze\u0144stwo plik\u00f3w Cookie pochodz\u0105cych od partner\u00f3w Serwisu Administrator nie ponosi odpowiedzialno\u015bci. Lista partner\u00f3w zamieszczona jest w dalszej cz\u0119\u015bci Polityki Cookie.<\/li>\n<\/ul>\n\n\n\n<p>\u00a7 4 CELE DO KT\u00d3RYCH WYKORZYSTYWANE S\u0104 PLIKI COOKIE<\/p>\n\n\n\n<ul class=\"wp-block-list\">\n<li>Dane statystyczne\u00a0&#8211; Administrator\u00a0oraz Serwisy zewn\u0119trzne\u00a0wykorzystuje pliki Cookie do zbierania i przetwarzania danych statystycznych takich jak np. statystyki odwiedzin, statystyki Urz\u0105dze\u0144 U\u017cytkownik\u00f3w czy statystyki zachowa\u0144 u\u017cytkownik\u00f3w. Dane te zbierane s\u0105 w celu analizy i ulepszania Serwisu.<\/li>\n\n\n\n<li>Us\u0142ugi spo\u0142eczno\u015bciowe&nbsp;&#8211; Administrator&nbsp;oraz Serwisy zewn\u0119trzne&nbsp;wykorzystuj\u0105 pliki Cookie do wsparcia us\u0142ug spo\u0142eczno\u015bciowych<\/li>\n<\/ul>\n\n\n\n<p>\u00a7 5 SERWISY ZEWN\u0118TRZNE<\/p>\n\n\n\n<p>Administrator wsp\u00f3\u0142pracuje z nast\u0119puj\u0105cymi serwisami zewn\u0119trznymi, kt\u00f3re mog\u0105 zamieszcza\u0107 pliki Cookie na Urz\u0105dzeniach U\u017cytkownika:<\/p>\n\n\n\n<ul class=\"wp-block-list\">\n<li>Facebook<\/li>\n<\/ul>\n\n\n\n<p>\u00a7 6 MO\u017bLIWO\u015aCI OKRE\u015aLANIA WARUNK\u00d3W PRZECHOWYWANIA I UZYSKIWANIA DOST\u0118PU NA URZ\u0104DZENIACH U\u017bYTKOWNIKA PRZEZ SERWIS&nbsp;I SERWISY ZEWN\u0118TRZNE<\/p>\n\n\n\n<ul class=\"wp-block-list\">\n<li>U\u017cytkownik mo\u017ce w dowolnym momencie, samodzielnie zmieni\u0107 ustawienia dotycz\u0105ce zapisywania, usuwania oraz dost\u0119pu do danych zapisanych plik\u00f3w Cookies<\/li>\n\n\n\n<li>Informacje o sposobie wy\u0142\u0105czenia plik\u00f3w Cookie w najpopularniejszych przegl\u0105darkach komputerowych i urz\u0105dze\u0144 mobilnych dost\u0119pna s\u0105 na stronie:&nbsp;<a href=\"http:\/\/jakwylaczyccookie.pl\/\"><strong>jak wy\u0142\u0105czy\u0107 cookie<\/strong><\/a>.<\/li>\n\n\n\n<li>U\u017cytkownik mo\u017ce w dowolnym momencie usun\u0105\u0107 wszelkie zapisane do tej pory pliki Cookie korzystaj\u0105c z narz\u0119dzi Urz\u0105dzenia U\u017cytkownika za po\u015brednictwem kt\u00f3rego U\u017cytkownik korzysta z us\u0142ug Serwisu.<\/li>\n<\/ul>\n\n\n\n<p>\u00a7 7 WYMAGANIA SERWISU<\/p>\n\n\n\n<ul class=\"wp-block-list\">\n<li>Ograniczenie zapisu i dost\u0119pu do plik\u00f3w Cookie na Urz\u0105dzeniu U\u017cytkownika mo\u017ce spowodowa\u0107 nieprawid\u0142owe dzia\u0142anie niekt\u00f3rych funkcji Serwisu.<\/li>\n\n\n\n<li>Administrator nie ponosi \u017cadnej odpowiedzialno\u015bci za nieprawid\u0142owo dzia\u0142aj\u0105ce funkcje Serwisu w przypadku gdy U\u017cytkownik ograniczy w jakikolwiek spos\u00f3b mo\u017cliwo\u015b\u0107 zapisywania i odczytu plik\u00f3w Cookie.<\/li>\n<\/ul>\n\n\n\n<p>\u00a7 8 ZMIANY W POLITYCE COOKIE<\/p>\n\n\n\n<ul class=\"wp-block-list\">\n<li>Administrator zastrzega sobie prawo do dowolnej zmiany niniejszej Polityki Cookie bez konieczno\u015bci informowania o tym u\u017cytkownik\u00f3w.<\/li>\n\n\n\n<li>Wprowadzone zmiany w Polityce Cookie zawsze b\u0119d\u0105 publikowane na tej stronie.<\/li>\n\n\n\n<li>Wprowadzone zmiany wchodz\u0105 w \u017cycie w dniu publikacji Polityki Cookie.<\/li>\n<\/ul>\n","protected":false},"excerpt":{"rendered":"<p>Poni\u017csza Polityka Cookies okre\u015bla zasady zapisywania i uzyskiwania dost\u0119pu do danych na Urz\u0105dzeniach U\u017cytkownik\u00f3w korzystaj\u0105cych z Serwisu do cel\u00f3w \u015bwiadczenia us\u0142ug drog\u0105 elektroniczn\u0105 przez Administratora Serwisu. \u00a7 1 DEFINICJE \u00a7 2 RODZAJE COOKIES \u00a7 3 BEZPIECZE\u0143STWO \u00a7 4 CELE DO KT\u00d3RYCH WYKORZYSTYWANE S\u0104 PLIKI COOKIE \u00a7 5 SERWISY ZEWN\u0118TRZNE Administrator wsp\u00f3\u0142pracuje z nast\u0119puj\u0105cymi serwisami zewn\u0119trznymi,&#8230;<\/p>\n","protected":false},"author":1,"featured_media":0,"parent":0,"menu_order":0,"comment_status":"closed","ping_status":"closed","template":"","meta":{"_kadence_starter_templates_imported_post":false,"_kad_post_transparent":"","_kad_post_title":"","_kad_post_layout":"","_kad_post_sidebar_id":"","_kad_post_content_style":"","_kad_post_vertical_padding":"","_kad_post_feature":"","_kad_post_feature_position":"","_kad_post_header":false,"_kad_post_footer":false,"_kad_post_classname":"","footnotes":""},"class_list":["post-1779","page","type-page","status-publish","hentry"],"_links":{"self":[{"href":"https:\/\/ziemiaswietawycieczki.com.pl\/index.php?rest_route=\/wp\/v2\/pages\/1779","targetHints":{"allow":["GET"]}}],"collection":[{"href":"https:\/\/ziemiaswietawycieczki.com.pl\/index.php?rest_route=\/wp\/v2\/pages"}],"about":[{"href":"https:\/\/ziemiaswietawycieczki.com.pl\/index.php?rest_route=\/wp\/v2\/types\/page"}],"author":[{"embeddable":true,"href":"https:\/\/ziemiaswietawycieczki.com.pl\/index.php?rest_route=\/wp\/v2\/users\/1"}],"replies":[{"embeddable":true,"href":"https:\/\/ziemiaswietawycieczki.com.pl\/index.php?rest_route=%2Fwp%2Fv2%2Fcomments&post=1779"}],"version-history":[{"count":2,"href":"https:\/\/ziemiaswietawycieczki.com.pl\/index.php?rest_route=\/wp\/v2\/pages\/1779\/revisions"}],"predecessor-version":[{"id":1781,"href":"https:\/\/ziemiaswietawycieczki.com.pl\/index.php?rest_route=\/wp\/v2\/pages\/1779\/revisions\/1781"}],"wp:attachment":[{"href":"https:\/\/ziemiaswietawycieczki.com.pl\/index.php?rest_route=%2Fwp%2Fv2%2Fmedia&parent=1779"}],"curies":[{"name":"wp","href":"https:\/\/api.w.org\/{rel}","templated":true}]}}